 {"id":26952,"date":"2023-08-07T10:12:35","date_gmt":"2023-08-07T10:12:35","guid":{"rendered":"https:\/\/fallplate.com\/product\/air-purifier-copy\/"},"modified":"2024-03-30T17:48:09","modified_gmt":"2024-03-30T16:48:09","slug":"fallplate-kit","status":"publish","type":"product","link":"https:\/\/fallplate.com\/cz\/product\/fallplate-kit\/","title":{"rendered":"FallPlate Kit"},"content":{"rendered":"<div class=\"elementor-element elementor-element-dc887ec elementor-widget elementor-widget-text-editor\" data-id=\"dc887ec\" data-element_type=\"widget\" data-widget_type=\"text-editor.default\">\n<div class=\"elementor-widget-container\">\n<p><strong>Realistick\u00fd Design:<\/strong>\u00a0Magick\u00fd List je navr\u017een tak, aby vypadal jako skute\u010dn\u00fd list ze stromu, dokonale se maskuj\u00edc\u00ed s okoln\u00edm prost\u0159ed\u00edm. Jeho detailn\u00ed proveden\u00ed zaji\u0161\u0165uje, \u017ee na prvn\u00ed pohled z\u016fstane nepozorovan\u00fd.<\/p>\n<p><strong>Elektromagnetick\u00e1 Funk\u010dnost:<\/strong>\u00a0Vybaven\u00fd pokro\u010dil\u00fdm elektromagnetick\u00fdm modulem na zadn\u00ed stran\u011b, Magick\u00fd List se snadno p\u0159ichyt\u00ed k va\u0161\u00ed SPZ a z\u016fstane pevn\u011b na m\u00edst\u011b, dokud se nerozhodnete jej deaktivovat pomoc\u00ed d\u00e1lkov\u00e9ho ovlada\u010de.<\/p>\n<p><strong>Snadn\u00e9 Ovl\u00e1d\u00e1n\u00ed:<\/strong>\u00a0S p\u0159ilo\u017een\u00fdm d\u00e1lkov\u00fdm ovlada\u010dem m\u016f\u017eete Magick\u00fd List zap\u00ednat a vyp\u00ednat z pohodl\u00ed va\u0161eho vozidla. Tato funkce v\u00e1m umo\u017e\u0148uje rychle reagovat na m\u011bn\u00edc\u00ed se situace a pot\u0159eby.<\/p>\n<p><strong>Univerz\u00e1ln\u00ed Pou\u017eit\u00ed:<\/strong>\u00a0Magick\u00fd List je navr\u017een tak, aby pasoval na standardn\u00ed velikosti SPZ, co\u017e z n\u011bj \u010din\u00ed ide\u00e1ln\u00ed \u0159e\u0161en\u00ed pro v\u011bt\u0161inu vozidel.<\/p>\n<p><strong>Snadn\u00e1 Instalace:<\/strong>\u00a0Instalace Magick\u00e9ho Listu je rychl\u00e1 a jednoduch\u00e1, nevy\u017eaduje \u017e\u00e1dn\u00e9 speci\u00e1ln\u00ed n\u00e1\u0159ad\u00ed ani z\u00e1sadn\u00ed \u00fapravy va\u0161eho vozidla.<\/p>\n<\/div>\n<\/div>\n<div class=\"elementor-element elementor-element-8071141 elementor-widget elementor-widget-heading\" data-id=\"8071141\" data-element_type=\"widget\" data-widget_type=\"heading.default\">\n<div class=\"elementor-widget-container\">\n<h5 class=\"elementor-heading-title elementor-size-default\">Obsah balen\u00ed<\/h5>\n<\/div>\n<\/div>\n<section class=\"elementor-section elementor-inner-section elementor-element elementor-element-ff76133 elementor-section-boxed elementor-section-height-default elementor-section-height-default jet-parallax-section\" data-id=\"ff76133\" data-element_type=\"section\" data-settings=\"{&quot;jet_parallax_layout_list&quot;:[{&quot;jet_parallax_layout_image&quot;:{&quot;url&quot;:&quot;&quot;,&quot;id&quot;:&quot;&quot;,&quot;size&quot;:&quot;&quot;},&quot;_id&quot;:&quot;940fd9e&quot;,&quot;jet_parallax_layout_image_tablet&quot;:{&quot;url&quot;:&quot;&quot;,&quot;id&quot;:&quot;&quot;,&quot;size&quot;:&quot;&quot;},&quot;jet_parallax_layout_image_mobile&quot;:{&quot;url&quot;:&quot;&quot;,&quot;id&quot;:&quot;&quot;,&quot;size&quot;:&quot;&quot;},&quot;jet_parallax_layout_speed&quot;:{&quot;unit&quot;:&quot;%&quot;,&quot;size&quot;:50,&quot;sizes&quot;:[]},&quot;jet_parallax_layout_type&quot;:&quot;scroll&quot;,&quot;jet_parallax_layout_direction&quot;:null,&quot;jet_parallax_layout_fx_direction&quot;:null,&quot;jet_parallax_layout_z_index&quot;:&quot;&quot;,&quot;jet_parallax_layout_bg_x&quot;:50,&quot;jet_parallax_layout_bg_x_tablet&quot;:&quot;&quot;,&quot;jet_parallax_layout_bg_x_mobile&quot;:&quot;&quot;,&quot;jet_parallax_layout_bg_y&quot;:50,&quot;jet_parallax_layout_bg_y_tablet&quot;:&quot;&quot;,&quot;jet_parallax_layout_bg_y_mobile&quot;:&quot;&quot;,&quot;jet_parallax_layout_bg_size&quot;:&quot;auto&quot;,&quot;jet_parallax_layout_bg_size_tablet&quot;:&quot;&quot;,&quot;jet_parallax_layout_bg_size_mobile&quot;:&quot;&quot;,&quot;jet_parallax_layout_animation_prop&quot;:&quot;transform&quot;,&quot;jet_parallax_layout_on&quot;:[&quot;desktop&quot;,&quot;tablet&quot;]}]}\">\n<div class=\"elementor-container elementor-column-gap-default\">\n<div class=\"elementor-column elementor-col-50 elementor-inner-column elementor-element elementor-element-59c1086\" data-id=\"59c1086\" data-element_type=\"column\">\n<div class=\"elementor-widget-wrap elementor-element-populated\">\n<div class=\"elementor-element elementor-element-ab1dacc elementor-icon-list--layout-traditional elementor-list-item-link-full_width elementor-widget elementor-widget-icon-list\" data-id=\"ab1dacc\" data-element_type=\"widget\" data-widget_type=\"icon-list.default\">\n<div class=\"elementor-widget-container\">\n<ul class=\"elementor-icon-list-items\">\n<li class=\"elementor-icon-list-item\"><i class=\"fas fa-chevron-right\" aria-hidden=\"true\"><\/i><span class=\"elementor-icon-list-text\">2x Magick\u00fd List (Elektromagnetick\u00fd Kryt)<\/span><\/li>\n<li class=\"elementor-icon-list-item\"><i class=\"fas fa-chevron-right\" aria-hidden=\"true\"><\/i><span class=\"elementor-icon-list-text\">1x \u0158\u00edd\u00edc\u00ed modul<\/span><\/li>\n<\/ul>\n<\/div>\n<\/div>\n<\/div>\n<\/div>\n<div class=\"elementor-column elementor-col-50 elementor-inner-column elementor-element elementor-element-1b4131a\" data-id=\"1b4131a\" data-element_type=\"column\">\n<div class=\"elementor-widget-wrap elementor-element-populated\">\n<div class=\"elementor-element elementor-element-385c9e2 elementor-icon-list--layout-traditional elementor-list-item-link-full_width elementor-widget elementor-widget-icon-list\" data-id=\"385c9e2\" data-element_type=\"widget\" data-widget_type=\"icon-list.default\">\n<div class=\"elementor-widget-container\">\n<ul class=\"elementor-icon-list-items\">\n<li class=\"elementor-icon-list-item\"><i class=\"fas fa-chevron-right\" aria-hidden=\"true\"><\/i><span class=\"elementor-icon-list-text\">1x D\u00e1lkov\u00fd Ovlada\u010d<\/span><\/li>\n<li class=\"elementor-icon-list-item\"><i class=\"fas fa-chevron-right\" aria-hidden=\"true\"><\/i><span class=\"elementor-icon-list-text\">U\u017eivatelsk\u00fd Manu\u00e1l<\/span><\/li>\n<\/ul>\n<\/div>\n<\/div>\n<\/div>\n<\/div>\n<\/div>\n<\/section>\n<div class=\"elementor-element elementor-element-77289e4 elementor-widget elementor-widget-text-editor\" data-id=\"77289e4\" data-element_type=\"widget\" data-widget_type=\"text-editor.default\">\n<div class=\"elementor-widget-container\">\n<div class=\"w-full text-token-text-primary\" data-testid=\"conversation-turn-3\">\n<div class=\"px-4 py-2 justify-center text-base md:gap-6 m-auto\">\n<div class=\"flex flex-1 text-base mx-auto gap-3 md:px-5 lg:px-1 xl:px-5 md:max-w-3xl lg:max-w-[40rem] xl:max-w-[48rem] group final-completion\">\n<div class=\"relative flex w-full flex-col agent-turn\">\n<div class=\"flex-col gap-1 md:gap-3\">\n<div class=\"flex flex-grow flex-col max-w-full\">\n<div class=\"min-h-[20px] text-message flex flex-col items-start gap-3 whitespace-pre-wrap break-words [.text-message+&amp;]:mt-5 overflow-x-auto\" data-message-author-role=\"assistant\" data-message-id=\"fdb8d00b-2133-4e61-8c4b-e655f2dca203\">\n<div class=\"markdown prose w-full break-words dark:prose-invert dark\">\n<p><em>Magick\u00fd List je ur\u010den k pou\u017eit\u00ed v soukrom\u00fdch are\u00e1lech nebo pro filmov\u00e9 a televizn\u00ed produkce. <\/em><em>Pou\u017e\u00edv\u00e1n\u00ed tohoto produktu na ve\u0159ejn\u00fdch silnic\u00edch nebo v jin\u00fdch ve\u0159ejn\u00fdch prostorech m\u016f\u017ee b\u00fdt v rozporu s m\u00edstn\u00edmi z\u00e1kony a p\u0159edpisy t\u00fdkaj\u00edc\u00edmi se zobrazen\u00ed SPZ. <\/em><em>Doporu\u010dujeme z\u00e1kazn\u00edk\u016fm, aby se p\u0159ed pou\u017eit\u00edm Magick\u00e9ho Listu sezn\u00e1mili s m\u00edstn\u00edmi z\u00e1kony a p\u0159edpisy a pou\u017e\u00edvali produkt odpov\u011bdn\u011b. Instalace by m\u011bla b\u00fdt prov\u00e1d\u011bna elektrotechnikem nebo osobou vzd\u011blanou v\u00a0auto elektrice. V\u00fdrobce nenese zodpov\u011bdnost za \u0161kodu zp\u016fsobenou neodbornou instalac\u00ed. Dlouhodob\u00e9 zapojen\u00ed magnetu se nedoporu\u010duje, doch\u00e1z\u00ed k\u00a0zah\u0159\u00edv\u00e1n\u00ed bloku.<\/em><\/p>\n<p><strong><em>Objednejte si nyn\u00ed a z\u00edskejte kontrolu nad va\u0161\u00edm soukrom\u00edm s Magick\u00fdm Listem,\u00a0<\/em><em>va\u0161\u00edm spole\u010dn\u00edkem pro diskr\u00e9tn\u00ed cesty!<\/em><\/strong><\/p>\n<\/div>\n<\/div>\n<\/div>\n<\/div>\n<\/div>\n<\/div>\n<\/div>\n<\/div>\n<\/div>\n<\/div>\n","protected":false},"excerpt":{"rendered":"<p><strong>P\u0159edstavujeme revolu\u010dn\u00ed \u0159e\u0161en\u00ed pro ochranu va\u0161eho soukrom\u00ed na cest\u00e1ch &#8211; Magick\u00fd List, elektromagnetick\u00fd kryt SPZ.<\/strong>\u00a0Tento inovativn\u00ed produkt je navr\u017een s ohledem na diskr\u00e9tnost a flexibilitu, poskytuj\u00edc\u00ed v\u00e1m kontrolu nad t\u00edm, kdy a jak odhal\u00edte va\u0161i SPZ.<\/p>\n","protected":false},"featured_media":30901,"comment_status":"open","ping_status":"closed","template":"","meta":[],"product_cat":[313],"product_tag":[],"_links":{"self":[{"href":"https:\/\/fallplate.com\/cz\/wp-json\/wp\/v2\/product\/26952"}],"collection":[{"href":"https:\/\/fallplate.com\/cz\/wp-json\/wp\/v2\/product"}],"about":[{"href":"https:\/\/fallplate.com\/cz\/wp-json\/wp\/v2\/types\/product"}],"replies":[{"embeddable":true,"href":"https:\/\/fallplate.com\/cz\/wp-json\/wp\/v2\/comments?post=26952"}],"wp:featuredmedia":[{"embeddable":true,"href":"https:\/\/fallplate.com\/cz\/wp-json\/wp\/v2\/media\/30901"}],"wp:attachment":[{"href":"https:\/\/fallplate.com\/cz\/wp-json\/wp\/v2\/media?parent=26952"}],"wp:term":[{"taxonomy":"product_cat","embeddable":true,"href":"https:\/\/fallplate.com\/cz\/wp-json\/wp\/v2\/product_cat?post=26952"},{"taxonomy":"product_tag","embeddable":true,"href":"https:\/\/fallplate.com\/cz\/wp-json\/wp\/v2\/product_tag?post=26952"}],"curies":[{"name":"wp","href":"https:\/\/api.w.org\/{rel}","templated":true}]}}